{"id":438,"date":"2020-11-20T23:22:16","date_gmt":"2020-11-21T02:22:16","guid":{"rendered":"https:\/\/norzugu.cl\/wp\/?page_id=438"},"modified":"2023-03-13T22:17:01","modified_gmt":"2023-03-14T01:17:01","slug":"tuwun","status":"publish","type":"page","link":"https:\/\/norzugu.cl\/wp\/tuwun\/","title":{"rendered":"Tuw\u00fcn"},"content":{"rendered":"\n\n\n\n<h4><span lang=\"mc-TRAD\"><br><b>NORZUGU<br><\/b><\/span><\/h4>\n<div>\n<h4><span lang=\"mc-TRAD\"><b> Epu rume kew\u00fcn wigkazugun-mapuzugun korpu wirin chillka k\u00fcme tx\u00fckigen Chili Mapu mew\n<\/b><\/span><\/h4><br>\n<\/div>\n\n\n\n\n\n\n\n\n\n\n\n\n\n\n\n\n","protected":false},"excerpt":{"rendered":"","protected":false},"author":1,"featured_media":0,"parent":0,"menu_order":0,"comment_status":"closed","ping_status":"closed","template":"","meta":{"pagelayer_contact_templates":[],"_pagelayer_content":"","footnotes":""},"class_list":["post-438","page","type-page","status-publish","hentry"],"_links":{"self":[{"href":"https:\/\/norzugu.cl\/wp\/wp-json\/wp\/v2\/pages\/438","targetHints":{"allow":["GET"]}}],"collection":[{"href":"https:\/\/norzugu.cl\/wp\/wp-json\/wp\/v2\/pages"}],"about":[{"href":"https:\/\/norzugu.cl\/wp\/wp-json\/wp\/v2\/types\/page"}],"author":[{"embeddable":true,"href":"https:\/\/norzugu.cl\/wp\/wp-json\/wp\/v2\/users\/1"}],"replies":[{"embeddable":true,"href":"https:\/\/norzugu.cl\/wp\/wp-json\/wp\/v2\/comments?post=438"}],"version-history":[{"count":58,"href":"https:\/\/norzugu.cl\/wp\/wp-json\/wp\/v2\/pages\/438\/revisions"}],"predecessor-version":[{"id":872,"href":"https:\/\/norzugu.cl\/wp\/wp-json\/wp\/v2\/pages\/438\/revisions\/872"}],"wp:attachment":[{"href":"https:\/\/norzugu.cl\/wp\/wp-json\/wp\/v2\/media?parent=438"}],"curies":[{"name":"wp","href":"https:\/\/api.w.org\/{rel}","templated":true}]}}